{"id":72,"date":"2019-12-17T12:16:29","date_gmt":"2019-12-17T15:16:29","guid":{"rendered":"https:\/\/brazilianswood.com\/index.php\/contact-us\/"},"modified":"2024-01-31T09:58:45","modified_gmt":"2024-01-31T12:58:45","slug":"contato","status":"publish","type":"page","link":"https:\/\/brazilianswood.com\/ar\/contato\/","title":{"rendered":"Contato"},"content":{"rendered":"<div data-elementor-type=\"wp-page\" data-elementor-id=\"72\" class=\"elementor elementor-72\" data-elementor-post-type=\"page\">\n\t\t\t\t\t\t\t\t\t<section class=\"elementor-section elementor-top-section elementor-element elementor-element-1684cbac elementor-section-stretched elementor-section-boxed elementor-section-height-default elementor-section-height-default\" data-id=\"1684cbac\" data-element_type=\"section\" data-settings=\"{&quot;background_background&quot;:&quot;classic&quot;,&quot;stretch_section&quot;:&quot;section-stretched&quot;,&quot;shape_divider_top&quot;:&quot;split&quot;}\">\n\t\t\t\t\t<div class=\"elementor-shape elementor-shape-top\" data-negative=\"false\">\n\t\t\t<svg xmlns=\"http:\/\/www.w3.org\/2000\/svg\" viewbox=\"0 0 1000 20\" preserveaspectratio=\"none\">\n\t<path class=\"elementor-shape-fill\" d=\"M0,0v3c0,0,393.8,0,483.4,0c9.2,0,16.6,7.4,16.6,16.6c0-9.1,7.4-16.6,16.6-16.6C606.2,3,1000,3,1000,3V0H0z\"\/>\n<\/svg>\t\t<\/div>\n\t\t\t\t\t<div class=\"elementor-container elementor-column-gap-default\">\n\t\t\t\t\t<div class=\"aux-parallax-section elementor-column elementor-col-100 elementor-top-column elementor-element elementor-element-5d01f7b9\" data-id=\"5d01f7b9\" data-element_type=\"column\">\n\t\t\t<div class=\"elementor-widget-wrap elementor-element-populated\">\n\t\t\t\t\t\t\t\t<section class=\"elementor-section elementor-top-section elementor-element elementor-element-10fe04d2 elementor-section-boxed elementor-section-height-default elementor-section-height-default\" data-id=\"10fe04d2\" data-element_type=\"section\" data-settings=\"{&quot;background_background&quot;:&quot;classic&quot;}\">\n\t\t\t\t\t\t<div class=\"elementor-container elementor-column-gap-no\">\n\t\t\t\t\t<div class=\"aux-parallax-section elementor-column elementor-col-100 elementor-top-column elementor-element elementor-element-2a3dc737\" data-id=\"2a3dc737\" data-element_type=\"column\">\n\t\t\t<div class=\"elementor-widget-wrap elementor-element-populated\">\n\t\t\t\t\t\t\t\t<div class=\"elementor-element elementor-element-1ba4ad57 elementor-widget-mobile__width-initial elementor-absolute elementor-widget elementor-widget-heading\" data-id=\"1ba4ad57\" data-element_type=\"widget\" data-settings=\"{&quot;_position&quot;:&quot;absolute&quot;}\" data-widget_type=\"heading.default\">\n\t\t\t\t<div class=\"elementor-widget-container\">\n\t\t\t<h2 class=\"elementor-heading-title elementor-size-default\">Contato<\/h2>\t\t<\/div>\n\t\t\t\t<\/div>\n\t\t\t\t<div class=\"elementor-element elementor-element-5b71bc88 elementor-widget-mobile__width-initial elementor-widget elementor-widget-text-editor\" data-id=\"5b71bc88\" data-element_type=\"widget\" data-widget_type=\"text-editor.default\">\n\t\t\t\t<div class=\"elementor-widget-container\">\n\t\t\t\t\t\t\t<p>Entre em contato com nossa F\u00e1brica em Una\u00ed atrav\u00e9s do formul\u00e1rio abaixo ou dos nossos canais de atendimento.<\/p>\t\t\t\t\t\t<\/div>\n\t\t\t\t<\/div>\n\t\t\t\t\t<\/div>\n\t\t<\/div>\n\t\t\t\t\t\t\t<\/div>\n\t\t<\/section>\n\t\t\t\t<section class=\"elementor-section elementor-inner-section elementor-element elementor-element-41ba066a elementor-section-boxed elementor-section-height-default elementor-section-height-default\" data-id=\"41ba066a\" data-element_type=\"section\">\n\t\t\t\t\t\t<div class=\"elementor-container elementor-column-gap-default\">\n\t\t\t\t\t<div class=\"aux-parallax-section elementor-column elementor-col-50 elementor-inner-column elementor-element elementor-element-57d31d17\" data-id=\"57d31d17\" data-element_type=\"column\" data-settings=\"{&quot;background_background&quot;:&quot;classic&quot;}\">\n\t\t\t<div class=\"elementor-widget-wrap elementor-element-populated\">\n\t\t\t\t\t\t\t\t<div class=\"elementor-element elementor-element-76cd5174 elementor-widget elementor-widget-heading\" data-id=\"76cd5174\" data-element_type=\"widget\" data-widget_type=\"heading.default\">\n\t\t\t\t<div class=\"elementor-widget-container\">\n\t\t\t<h2 class=\"elementor-heading-title elementor-size-default\">Fale conoso<\/h2>\t\t<\/div>\n\t\t\t\t<\/div>\n\t\t\t\t<div class=\"elementor-element elementor-element-7b4a8220 elementor-button-align-stretch elementor-widget elementor-widget-form\" data-id=\"7b4a8220\" data-element_type=\"widget\" data-settings=\"{&quot;step_next_label&quot;:&quot;Pr\\u00f3ximo&quot;,&quot;step_previous_label&quot;:&quot;Anterior&quot;,&quot;button_width&quot;:&quot;100&quot;,&quot;step_type&quot;:&quot;number_text&quot;,&quot;step_icon_shape&quot;:&quot;circle&quot;}\" data-widget_type=\"form.default\">\n\t\t\t\t<div class=\"elementor-widget-container\">\n\t\t\t\t\t<form class=\"elementor-form\" method=\"post\" name=\"New Form\" action=\"\">\n\t\t\t<input type=\"hidden\" name=\"post_id\" value=\"72\"\/>\n\t\t\t<input type=\"hidden\" name=\"form_id\" value=\"7b4a8220\"\/>\n\t\t\t<input type=\"hidden\" name=\"referer_title\" value=\"Brazilianswood\" \/>\n\n\t\t\t\n\t\t\t<div class=\"elementor-form-fields-wrapper elementor-labels-\">\n\t\t\t\t\t\t\t\t<div class=\"elementor-field-type-text elementor-field-group elementor-column elementor-field-group-name elementor-col-100\">\n\t\t\t\t\t\t\t\t\t\t\t\t\t<input size=\"1\" type=\"text\" name=\"form_fields[name]\" id=\"form-field-name\" class=\"elementor-field elementor-size-md  elementor-field-textual\" placeholder=\"Nome Completo\">\n\t\t\t\t\t\t\t\t\t\t\t<\/div>\n\t\t\t\t\t\t\t\t<div class=\"elementor-field-type-email elementor-field-group elementor-column elementor-field-group-email elementor-col-100 elementor-field-required\">\n\t\t\t\t\t\t\t\t\t\t\t\t\t<input size=\"1\" type=\"email\" name=\"form_fields[email]\" id=\"form-field-email\" class=\"elementor-field elementor-size-md  elementor-field-textual\" placeholder=\"E-mail\" required=\"required\" aria-required=\"true\">\n\t\t\t\t\t\t\t\t\t\t\t<\/div>\n\t\t\t\t\t\t\t\t<div class=\"elementor-field-type-tel elementor-field-group elementor-column elementor-field-group-field_f2b61c0 elementor-col-100 elementor-field-required\">\n\t\t\t\t\t\t\t<input size=\"1\" type=\"tel\" name=\"form_fields[field_f2b61c0]\" id=\"form-field-field_f2b61c0\" class=\"elementor-field elementor-size-md  elementor-field-textual\" placeholder=\"Telefone\" required=\"required\" aria-required=\"true\" pattern=\"[0-9()#&amp;+*-=.]+\" title=\"Only numbers and phone characters (#, -, *, etc) are accepted.\">\n\n\t\t\t\t\t\t<\/div>\n\t\t\t\t\t\t\t\t<div class=\"elementor-field-type-textarea elementor-field-group elementor-column elementor-field-group-message elementor-col-100\">\n\t\t\t\t\t<textarea class=\"elementor-field-textual elementor-field  elementor-size-md\" name=\"form_fields[message]\" id=\"form-field-message\" rows=\"4\" placeholder=\"Sua mensagem aqui!\"><\/textarea>\t\t\t\t<\/div>\n\t\t\t\t\t\t\t\t<div class=\"elementor-field-group elementor-column elementor-field-type-submit elementor-col-100 e-form__buttons\">\n\t\t\t\t\t<button type=\"submit\" class=\"elementor-button elementor-size-sm\">\n\t\t\t\t\t\t<span >\n\t\t\t\t\t\t\t\t\t\t\t\t\t\t\t<span class=\"elementor-button-icon\">\n\t\t\t\t\t\t\t\t\t\t\t\t\t\t\t\t\t\t\t\t\t\t\t\t\t\t<\/span>\n\t\t\t\t\t\t\t\t\t\t\t\t\t\t\t\t\t\t\t\t\t\t<span class=\"elementor-button-text\">Enviar mensagem<\/span>\n\t\t\t\t\t\t\t\t\t\t\t\t\t<\/span>\n\t\t\t\t\t<\/button>\n\t\t\t\t<\/div>\n\t\t\t<\/div>\n\t\t<input type=\"hidden\" name=\"trp-form-language\" value=\"ar\"\/><\/form>\n\t\t\t\t<\/div>\n\t\t\t\t<\/div>\n\t\t\t\t\t<\/div>\n\t\t<\/div>\n\t\t\t\t<div class=\"aux-parallax-section elementor-column elementor-col-50 elementor-inner-column elementor-element elementor-element-636b4391\" data-id=\"636b4391\" data-element_type=\"column\" data-settings=\"{&quot;background_background&quot;:&quot;classic&quot;}\">\n\t\t\t<div class=\"elementor-widget-wrap elementor-element-populated\">\n\t\t\t\t\t\t\t\t<div class=\"elementor-element elementor-element-536e3f43 elementor-widget elementor-widget-heading\" data-id=\"536e3f43\" data-element_type=\"widget\" data-widget_type=\"heading.default\">\n\t\t\t\t<div class=\"elementor-widget-container\">\n\t\t\t<h2 class=\"elementor-heading-title elementor-size-default\">Nossa localiza\u00e7\u00e3o<\/h2>\t\t<\/div>\n\t\t\t\t<\/div>\n\t\t\t\t<div class=\"elementor-element elementor-element-3abe38b1 elementor-widget elementor-widget-google_maps\" data-id=\"3abe38b1\" data-element_type=\"widget\" data-widget_type=\"google_maps.default\">\n\t\t\t\t<div class=\"elementor-widget-container\">\n\t\t\t\t\t<div class=\"elementor-custom-embed\">\n\t\t\t<iframe loading=\"lazy\"\n\t\t\t\t\tsrc=\"https:\/\/maps.google.com\/maps?q=RODOVIA%20FREI%20JORGE%2C%20-%20MONJOLO%2C%20Una%C3%AD%20-%20MG%2C%2038623-899&#038;t=m&#038;z=18&#038;output=embed&#038;iwloc=near\"\n\t\t\t\t\ttitle=\"RODOVIA FREI JORGE, - MONJOLO, Una\u00ed - MG, 38623-899\"\n\t\t\t\t\taria-label=\"RODOVIA FREI JORGE, - MONJOLO, Una\u00ed - MG, 38623-899\"\n\t\t\t><\/iframe>\n\t\t<\/div>\n\t\t\t\t<\/div>\n\t\t\t\t<\/div>\n\t\t\t\t\t<\/div>\n\t\t<\/div>\n\t\t\t\t\t\t\t<\/div>\n\t\t<\/section>\n\t\t\t\t\t<\/div>\n\t\t<\/div>\n\t\t\t\t\t\t\t<\/div>\n\t\t<\/section>\n\t\t\t\t\t\t\t<\/div>","protected":false},"excerpt":{"rendered":"<p>Contato Entre em contato com nossa F\u00e1brica em Una\u00ed atrav\u00e9s do formul\u00e1rio abaixo ou dos nossos canais de atendimento. Fale conoso Nossa localiza\u00e7\u00e3o<\/p>","protected":false},"author":1,"featured_media":0,"parent":0,"menu_order":0,"comment_status":"closed","ping_status":"closed","template":"templates\/page-builder-content.php","meta":{"footnotes":""},"class_list":["post-72","page","type-page","status-publish","hentry"],"_links":{"self":[{"href":"https:\/\/brazilianswood.com\/ar\/wp-json\/wp\/v2\/pages\/72","targetHints":{"allow":["GET"]}}],"collection":[{"href":"https:\/\/brazilianswood.com\/ar\/wp-json\/wp\/v2\/pages"}],"about":[{"href":"https:\/\/brazilianswood.com\/ar\/wp-json\/wp\/v2\/types\/page"}],"author":[{"embeddable":true,"href":"https:\/\/brazilianswood.com\/ar\/wp-json\/wp\/v2\/users\/1"}],"replies":[{"embeddable":true,"href":"https:\/\/brazilianswood.com\/ar\/wp-json\/wp\/v2\/comments?post=72"}],"version-history":[{"count":64,"href":"https:\/\/brazilianswood.com\/ar\/wp-json\/wp\/v2\/pages\/72\/revisions"}],"predecessor-version":[{"id":687,"href":"https:\/\/brazilianswood.com\/ar\/wp-json\/wp\/v2\/pages\/72\/revisions\/687"}],"wp:attachment":[{"href":"https:\/\/brazilianswood.com\/ar\/wp-json\/wp\/v2\/media?parent=72"}],"curies":[{"name":"wp","href":"https:\/\/api.w.org\/{rel}","templated":true}]}}