{"id":73,"date":"2024-01-31T10:03:08","date_gmt":"2024-01-31T13:03:08","guid":{"rendered":"https:\/\/brazilianswood.com\/index.php\/about\/"},"modified":"2024-01-31T11:06:37","modified_gmt":"2024-01-31T14:06:37","slug":"sobre-nos","status":"publish","type":"page","link":"https:\/\/brazilianswood.com\/ar\/sobre-nos\/","title":{"rendered":"Sobre N\u00f3s"},"content":{"rendered":"<div data-elementor-type=\"wp-page\" data-elementor-id=\"73\" class=\"elementor elementor-73\" data-elementor-post-type=\"page\">\n\t\t\t\t\t\t\t\t\t<section class=\"elementor-section elementor-top-section elementor-element elementor-element-ead33fb elementor-section-content-middle elementor-section-boxed elementor-section-height-default elementor-section-height-default\" data-id=\"ead33fb\" data-element_type=\"section\">\n\t\t\t\t\t\t<div class=\"elementor-container elementor-column-gap-no\">\n\t\t\t\t\t<div class=\"aux-parallax-section elementor-column elementor-col-50 elementor-top-column elementor-element elementor-element-3b0d689\" data-id=\"3b0d689\" data-element_type=\"column\">\n\t\t\t<div class=\"elementor-widget-wrap elementor-element-populated\">\n\t\t\t\t\t\t\t\t<div class=\"elementor-element elementor-element-76cc7d8 aux-appear-watch-animation aux-fade-in-up-1 elementor-widget elementor-widget-aux_modern_heading\" data-id=\"76cc7d8\" data-element_type=\"widget\" data-widget_type=\"aux_modern_heading.default\">\n\t\t\t\t<div class=\"elementor-widget-container\">\n\t\t\t<section class=\"aux-widget-modern-heading\">\n            <div class=\"aux-widget-inner\"><h5 class=\"aux-modern-heading-primary\">SOBRE N\u00d3S<\/h5><div class=\"aux-modern-heading-divider\"><\/div><div class=\"aux-modern-heading-description\"><p>Somos uma empresa apaixonada por tudo o que a madeira teca tem a oferece. Nosso objetivo \u00e9 compartilhar a beleza e a durabilidade desse material maravilhoso com o mundo, oferecendo uma ampla gama de produtos de alta qualidade feitos exclusivamente com madeira teca. <br \/>Nossos artes\u00e3os s\u00e3o habilidosos e dedicados, usando t\u00e9cnicas tradicionais e modernas para criar pe\u00e7as \u00fanicas que ir\u00e3o adicionar beleza e funcionalidade \u00e0 sua casa.<\/p><p>Al\u00e9m de oferecer produtos de qualidades, estamos comprometidos com a sustentabilidade e responsabilidade ambiental.<\/p><p>Estamos entusiasmados em compartilhar a beleza e a qualidade da madeira teca com voc\u00ea e esperamos que os nossos produtos tragam aconchego e eleg\u00e2ncia para o seu lar. Seja bem-vindo \u00e0 nossa loja e descubra o que a madeira teca\u00a0tem\u00a0a\u00a0oferecer.<\/p><\/div><\/div>\n        <\/section>\t\t<\/div>\n\t\t\t\t<\/div>\n\t\t\t\t\t<\/div>\n\t\t<\/div>\n\t\t\t\t<div class=\"aux-parallax-section elementor-column elementor-col-50 elementor-top-column elementor-element elementor-element-4af999d\" data-id=\"4af999d\" data-element_type=\"column\">\n\t\t\t<div class=\"elementor-widget-wrap elementor-element-populated\">\n\t\t\t\t\t\t\t\t<div class=\"elementor-element elementor-element-51c79f2 aux-appear-watch-animation aux-fade-in-right-1 elementor-widget elementor-widget-aux_modern_heading\" data-id=\"51c79f2\" data-element_type=\"widget\" data-widget_type=\"aux_modern_heading.default\">\n\t\t\t\t<div class=\"elementor-widget-container\">\n\t\t\t<section class=\"aux-widget-modern-heading\">\n            <div class=\"aux-widget-inner\"><h5 class=\"aux-modern-heading-primary\">NOSSA MISS\u00c3O<\/h5><div class=\"aux-modern-heading-description\"><p>Na Brazilian S Wood, nossa miss\u00e3o \u00e9 criar ambientes sofisticados por meio de produtos de luxo personalizados, meticulosamente feitos \u00e0 m\u00e3o em nossa marcenaria.<\/p><\/div><\/div>\n        <\/section>\t\t<\/div>\n\t\t\t\t<\/div>\n\t\t\t\t<div class=\"elementor-element elementor-element-5c6184d aux-appear-watch-animation aux-fade-in-right-1 elementor-widget elementor-widget-aux_modern_heading\" data-id=\"5c6184d\" data-element_type=\"widget\" data-widget_type=\"aux_modern_heading.default\">\n\t\t\t\t<div class=\"elementor-widget-container\">\n\t\t\t<section class=\"aux-widget-modern-heading\">\n            <div class=\"aux-widget-inner\"><h5 class=\"aux-modern-heading-primary\">NOSSA VIS\u00c3O<\/h5><div class=\"aux-modern-heading-description\"><p>Buscamos destacar nossa marca para mantemo-nos nossa marca l\u00edder, preservando nossa identidade e comprometendo-nos com processos, insumos e mat\u00e9rias-primas certificados, para oferecer produtos excepcionais.<\/p><\/div><\/div>\n        <\/section>\t\t<\/div>\n\t\t\t\t<\/div>\n\t\t\t\t\t<\/div>\n\t\t<\/div>\n\t\t\t\t\t\t\t<\/div>\n\t\t<\/section>\n\t\t\t\t<section class=\"elementor-section elementor-top-section elementor-element elementor-element-fd56287 elementor-section-boxed elementor-section-height-default elementor-section-height-default\" data-id=\"fd56287\" data-element_type=\"section\">\n\t\t\t\t\t\t<div class=\"elementor-container elementor-column-gap-no\">\n\t\t\t\t\t<div class=\"aux-parallax-section elementor-column elementor-col-100 elementor-top-column elementor-element elementor-element-9c2ae4a\" data-id=\"9c2ae4a\" data-element_type=\"column\">\n\t\t\t<div class=\"elementor-widget-wrap elementor-element-populated\">\n\t\t\t\t\t\t\t\t<div class=\"elementor-element elementor-element-6ccb3a1 aux-appear-watch-animation aux-mask-from-left elementor-widget-mobile__width-initial elementor-widget elementor-widget-aux_image\" data-id=\"6ccb3a1\" data-element_type=\"widget\" data-widget_type=\"aux_image.default\">\n\t\t\t\t<div class=\"elementor-widget-container\">\n\t\t\t<section class=\"widget-container aux-widget-image aux-alignnone aux-parent-au11d25aed\">\n    <div class=\"aux-media-hint-frame\">\n        <div class=\"aux-media-image\" >\n        \n            \n\n            \n            <img fetchpriority=\"high\" decoding=\"async\" width=\"2222\" height=\"901\" src=\"data:image\/gif;base64,R0lGODlhAQABAIAAAAAAAP\/\/\/yH5BAEAAAAALAAAAAABAAEAAAIBRAA7\" class=\"aux-attachment aux-featured-image aux-attachment-id-690 aux-preload aux-blank\" alt=\"bswood-sobre-nos\" data-ratio=\"2.47\" data-original-w=\"2222\" data-src=\"https:\/\/brazilianswood.com\/wp-content\/uploads\/2024\/01\/bswood-sobre-nos.jpg\" \/>            \n                <\/div>\n    <\/div>\n\n<\/section><!-- widget-container -->\t\t<\/div>\n\t\t\t\t<\/div>\n\t\t\t\t\t<\/div>\n\t\t<\/div>\n\t\t\t\t\t\t\t<\/div>\n\t\t<\/section>\n\t\t\t\t\t\t\t<\/div>","protected":false},"excerpt":{"rendered":"<p>SOBRE N\u00d3S Somos uma empresa apaixonada por tudo o que a madeira teca tem a oferece. Nosso objetivo \u00e9 compartilhar a beleza e a durabilidade desse material maravilhoso com o mundo, oferecendo uma ampla gama de produtos de alta qualidade feitos exclusivamente com madeira teca. Nossos artes\u00e3os s\u00e3o habilidosos e dedicados, usando t\u00e9cnicas tradicionais e [&hellip;]<\/p>","protected":false},"author":1,"featured_media":0,"parent":0,"menu_order":0,"comment_status":"closed","ping_status":"closed","template":"templates\/page-builder-content.php","meta":{"footnotes":""},"class_list":["post-73","page","type-page","status-publish","hentry"],"_links":{"self":[{"href":"https:\/\/brazilianswood.com\/ar\/wp-json\/wp\/v2\/pages\/73","targetHints":{"allow":["GET"]}}],"collection":[{"href":"https:\/\/brazilianswood.com\/ar\/wp-json\/wp\/v2\/pages"}],"about":[{"href":"https:\/\/brazilianswood.com\/ar\/wp-json\/wp\/v2\/types\/page"}],"author":[{"embeddable":true,"href":"https:\/\/brazilianswood.com\/ar\/wp-json\/wp\/v2\/users\/1"}],"replies":[{"embeddable":true,"href":"https:\/\/brazilianswood.com\/ar\/wp-json\/wp\/v2\/comments?post=73"}],"version-history":[{"count":43,"href":"https:\/\/brazilianswood.com\/ar\/wp-json\/wp\/v2\/pages\/73\/revisions"}],"predecessor-version":[{"id":734,"href":"https:\/\/brazilianswood.com\/ar\/wp-json\/wp\/v2\/pages\/73\/revisions\/734"}],"wp:attachment":[{"href":"https:\/\/brazilianswood.com\/ar\/wp-json\/wp\/v2\/media?parent=73"}],"curies":[{"name":"wp","href":"https:\/\/api.w.org\/{rel}","templated":true}]}}