{"id":597,"date":"2024-01-25T11:35:45","date_gmt":"2024-01-25T14:35:45","guid":{"rendered":"https:\/\/brazilianswood.com\/?post_type=product&#038;p=597"},"modified":"2024-01-25T11:44:49","modified_gmt":"2024-01-25T14:44:49","slug":"petisqueira-conica","status":"publish","type":"product","link":"https:\/\/brazilianswood.com\/ar\/product\/petisqueira-conica\/","title":{"rendered":"Petisqueira C\u00f4nica"},"content":{"rendered":"<p>A petisqueira c\u00f4nica de madeira Teca perfeitamente a diferentes ocasi\u00f5es. Ao receber seus convidados, as petisqueiras desempenham um papel fundamental, permitindo que voc\u00ea sirva desde deliciosas entradas, petiscos e quitutes at\u00e9 biscoitos, sobremesas, pat\u00eas e outras del\u00edcias de sua escolha.<\/p>\n<p>Confeccionada com um design cl\u00e1ssico em teca, esta petisqueira oferece excelente acabamento, qualidade e durabilidade. Sua versatilidade a torna compat\u00edvel com qualquer estilo de decora\u00e7\u00e3o. \u00c9 o produto ideal para servir sua fam\u00edlia e amigos durante uma reuni\u00e3o descontra\u00edda ou antes daquele jantar especial. Invista nesta petisqueira encantadora e esteja preparado para receber diversos elogios pelo seu bom gosto e praticidade!<\/p>","protected":false},"excerpt":{"rendered":"<p>A petisqueira c\u00f4nica de madeira Teca perfeitamente a diferentes ocasi\u00f5es. Ao receber seus convidados, as petisqueiras desempenham um papel fundamental, permitindo que voc\u00ea sirva desde deliciosas entradas, petiscos e quitutes at\u00e9 biscoitos, sobremesas, pat\u00eas e outras del\u00edcias de sua escolha.<\/p>","protected":false},"featured_media":202,"comment_status":"open","ping_status":"closed","template":"","meta":[],"product_cat":[34],"product_tag":[],"class_list":{"0":"post-597","1":"product","2":"type-product","3":"status-publish","4":"has-post-thumbnail","6":"product_cat-petisqueira","8":"first","9":"instock","10":"shipping-taxable","11":"purchasable","12":"product-type-simple"},"_links":{"self":[{"href":"https:\/\/brazilianswood.com\/ar\/wp-json\/wp\/v2\/product\/597","targetHints":{"allow":["GET"]}}],"collection":[{"href":"https:\/\/brazilianswood.com\/ar\/wp-json\/wp\/v2\/product"}],"about":[{"href":"https:\/\/brazilianswood.com\/ar\/wp-json\/wp\/v2\/types\/product"}],"replies":[{"embeddable":true,"href":"https:\/\/brazilianswood.com\/ar\/wp-json\/wp\/v2\/comments?post=597"}],"wp:featuredmedia":[{"embeddable":true,"href":"https:\/\/brazilianswood.com\/ar\/wp-json\/wp\/v2\/media\/202"}],"wp:attachment":[{"href":"https:\/\/brazilianswood.com\/ar\/wp-json\/wp\/v2\/media?parent=597"}],"wp:term":[{"taxonomy":"product_cat","embeddable":true,"href":"https:\/\/brazilianswood.com\/ar\/wp-json\/wp\/v2\/product_cat?post=597"},{"taxonomy":"product_tag","embeddable":true,"href":"https:\/\/brazilianswood.com\/ar\/wp-json\/wp\/v2\/product_tag?post=597"}],"curies":[{"name":"wp","href":"https:\/\/api.w.org\/{rel}","templated":true}]}}