{"id":605,"date":"2024-01-25T12:41:54","date_gmt":"2024-01-25T15:41:54","guid":{"rendered":"https:\/\/brazilianswood.com\/?post_type=product&#038;p=605"},"modified":"2026-01-14T16:53:17","modified_gmt":"2026-01-14T19:53:17","slug":"mesa-petisqueira-com-bordas","status":"publish","type":"product","link":"https:\/\/brazilianswood.com\/ar\/product\/mesa-petisqueira-com-bordas\/","title":{"rendered":"Mesa Petisqueira &#8211; Com Bordas"},"content":{"rendered":"<p>Adquira j\u00e1: Mesa de Petiscos Redonda em Madeira de Teca para Frios, Aperitivos, Por\u00e7\u00f5es, Queijos e muito mais! Adiciona um toque refinado \u00e0 sua apresenta\u00e7\u00e3o.<\/p>\n<p>ATEN\u00c7\u00c3O: Ta\u00e7as e vinhos n\u00e3o est\u00e3o inclusos, imagens meramente ilustrativas. O an\u00fancio refere-se exclusivamente \u00e0 t\u00e1bua.<br \/>\nExcelente op\u00e7\u00e3o de custo-benef\u00edcio para presentes criativos de Casa, Cozinha e Decora\u00e7\u00e3o, perfeito para Ch\u00e1 de Cozinha. Surpreenda seus amigos e familiares com praticidade!<\/p>","protected":false},"excerpt":{"rendered":"<p>T\u00e1bua de Petiscos Redonda em Madeira de Teca com para Frios, Aperitivos, Por\u00e7\u00f5es, Queijos e muito mais!<\/p>","protected":false},"featured_media":180,"comment_status":"open","ping_status":"closed","template":"","meta":[],"product_cat":[34],"product_tag":[],"class_list":{"0":"post-605","1":"product","2":"type-product","3":"status-publish","4":"has-post-thumbnail","6":"product_cat-petisqueira","8":"first","9":"instock","10":"shipping-taxable","11":"purchasable","12":"product-type-simple"},"_links":{"self":[{"href":"https:\/\/brazilianswood.com\/ar\/wp-json\/wp\/v2\/product\/605","targetHints":{"allow":["GET"]}}],"collection":[{"href":"https:\/\/brazilianswood.com\/ar\/wp-json\/wp\/v2\/product"}],"about":[{"href":"https:\/\/brazilianswood.com\/ar\/wp-json\/wp\/v2\/types\/product"}],"replies":[{"embeddable":true,"href":"https:\/\/brazilianswood.com\/ar\/wp-json\/wp\/v2\/comments?post=605"}],"wp:featuredmedia":[{"embeddable":true,"href":"https:\/\/brazilianswood.com\/ar\/wp-json\/wp\/v2\/media\/180"}],"wp:attachment":[{"href":"https:\/\/brazilianswood.com\/ar\/wp-json\/wp\/v2\/media?parent=605"}],"wp:term":[{"taxonomy":"product_cat","embeddable":true,"href":"https:\/\/brazilianswood.com\/ar\/wp-json\/wp\/v2\/product_cat?post=605"},{"taxonomy":"product_tag","embeddable":true,"href":"https:\/\/brazilianswood.com\/ar\/wp-json\/wp\/v2\/product_tag?post=605"}],"curies":[{"name":"wp","href":"https:\/\/api.w.org\/{rel}","templated":true}]}}