{"id":79,"date":"2019-12-15T11:12:41","date_gmt":"2019-12-15T14:12:41","guid":{"rendered":"https:\/\/brazilianswood.com\/index.php\/product\/fusce-porta-armchair-2\/"},"modified":"2024-01-23T23:36:00","modified_gmt":"2024-01-24T02:36:00","slug":"queijeira-redonda","status":"publish","type":"product","link":"https:\/\/brazilianswood.com\/ar\/product\/queijeira-redonda\/","title":{"rendered":"Quejeira Redonda"},"content":{"rendered":"<p>Os detalhes s\u00e3o a ess\u00eancia da personalidade. A influ\u00eancia da decora\u00e7\u00e3o no ambiente em que vivemos vai al\u00e9m do visual, ela reflete nossas prefer\u00eancias e revela aspectos da nossa personalidade. Criar um espa\u00e7o confort\u00e1vel e acolhedor, decorado de acordo com seus gostos e os de sua fam\u00edlia, faz toda a diferen\u00e7a.<\/p>\n<p>A Queijeira de Madeira Teca \u00e9 um exemplo desse cuidado com os detalhes. A madeira teca, com sua tonalidade marrom-dourada, n\u00e3o s\u00f3 oferece uma est\u00e9tica encantadora, mas tamb\u00e9m possui caracter\u00edsticas pr\u00e1ticas not\u00e1veis. Al\u00e9m disso, a madeira teca apresenta um l\u00e1tex interno que n\u00e3o apenas evita a corros\u00e3o de pregos e ferragens, mas tamb\u00e9m contribui para a durabilidade de m\u00f3veis e objetos feitos com esse material. N\u00e3o perca a oportunidade de adicionar esse produto \u00e0 sua casa. Voc\u00ea merece desfrutar da beleza e funcionalidade que a madeira teca proporciona.<\/p>","protected":false},"excerpt":{"rendered":"<p>A Queijeira de Madeira Teca \u00e9 um exemplo desse cuidado com os detalhes. A madeira teca, com sua tonalidade marrom-dourada, n\u00e3o s\u00f3 oferece uma est\u00e9tica encantadora, mas tamb\u00e9m possui caracter\u00edsticas pr\u00e1ticas not\u00e1veis.<\/p>","protected":false},"featured_media":207,"comment_status":"open","ping_status":"closed","template":"","meta":[],"product_cat":[30],"product_tag":[],"class_list":{"0":"post-79","1":"product","2":"type-product","3":"status-publish","4":"has-post-thumbnail","6":"product_cat-queijeira","8":"first","9":"instock","10":"shipping-taxable","11":"purchasable","12":"product-type-simple"},"_links":{"self":[{"href":"https:\/\/brazilianswood.com\/ar\/wp-json\/wp\/v2\/product\/79","targetHints":{"allow":["GET"]}}],"collection":[{"href":"https:\/\/brazilianswood.com\/ar\/wp-json\/wp\/v2\/product"}],"about":[{"href":"https:\/\/brazilianswood.com\/ar\/wp-json\/wp\/v2\/types\/product"}],"replies":[{"embeddable":true,"href":"https:\/\/brazilianswood.com\/ar\/wp-json\/wp\/v2\/comments?post=79"}],"wp:featuredmedia":[{"embeddable":true,"href":"https:\/\/brazilianswood.com\/ar\/wp-json\/wp\/v2\/media\/207"}],"wp:attachment":[{"href":"https:\/\/brazilianswood.com\/ar\/wp-json\/wp\/v2\/media?parent=79"}],"wp:term":[{"taxonomy":"product_cat","embeddable":true,"href":"https:\/\/brazilianswood.com\/ar\/wp-json\/wp\/v2\/product_cat?post=79"},{"taxonomy":"product_tag","embeddable":true,"href":"https:\/\/brazilianswood.com\/ar\/wp-json\/wp\/v2\/product_tag?post=79"}],"curies":[{"name":"wp","href":"https:\/\/api.w.org\/{rel}","templated":true}]}}