{"id":808,"date":"2024-01-31T15:05:31","date_gmt":"2024-01-31T18:05:31","guid":{"rendered":"https:\/\/brazilianswood.com\/?post_type=product&#038;p=808"},"modified":"2024-01-31T15:09:54","modified_gmt":"2024-01-31T18:09:54","slug":"migalheira-e-caixa-de-pao","status":"publish","type":"product","link":"https:\/\/brazilianswood.com\/ar\/product\/migalheira-e-caixa-de-pao\/","title":{"rendered":"Migalheira e Caixa de P\u00e3o"},"content":{"rendered":"<p>Um verdadeiro favorito, tanto funcional quanto decorativo, \u00e9 a caixa de p\u00e3o em Teca: uma escolha ideal para adicionar praticidade ao dia a dia e elevar o charme do espa\u00e7o do caf\u00e9. Para aprimorar a experi\u00eancia de servir com delicadeza e efici\u00eancia, complemente este conjunto com a t\u00e1bua migalheira, tamb\u00e9m confeccionada em Teca, apresentando um design minimalista e sofisticado. Uma combina\u00e7\u00e3o perfeita para tornar sua rotina mais leve e sua cozinha mais elegante.<\/p>\n<p>Com uma extensa gama de produtos, a linha Brazilian S Wood oferece utens\u00edlios de teca que n\u00e3o apenas s\u00e3o robustos, mas tamb\u00e9m agregam beleza e funcionalidade ao cotidiano na cozinha.<\/p>","protected":false},"excerpt":{"rendered":"<p>Um verdadeiro favorito, tanto funcional quanto decorativo, \u00e9 a caixa de p\u00e3o em Teca: uma escolha ideal para adicionar praticidade ao dia a dia e elevar o charme do espa\u00e7o do caf\u00e9.<\/p>","protected":false},"featured_media":810,"comment_status":"open","ping_status":"closed","template":"","meta":[],"product_cat":[35,31],"product_tag":[],"class_list":{"0":"post-808","1":"product","2":"type-product","3":"status-publish","4":"has-post-thumbnail","6":"product_cat-migalheira","7":"product_cat-porta-pao","9":"first","10":"instock","11":"shipping-taxable","12":"purchasable","13":"product-type-simple"},"_links":{"self":[{"href":"https:\/\/brazilianswood.com\/ar\/wp-json\/wp\/v2\/product\/808","targetHints":{"allow":["GET"]}}],"collection":[{"href":"https:\/\/brazilianswood.com\/ar\/wp-json\/wp\/v2\/product"}],"about":[{"href":"https:\/\/brazilianswood.com\/ar\/wp-json\/wp\/v2\/types\/product"}],"replies":[{"embeddable":true,"href":"https:\/\/brazilianswood.com\/ar\/wp-json\/wp\/v2\/comments?post=808"}],"wp:featuredmedia":[{"embeddable":true,"href":"https:\/\/brazilianswood.com\/ar\/wp-json\/wp\/v2\/media\/810"}],"wp:attachment":[{"href":"https:\/\/brazilianswood.com\/ar\/wp-json\/wp\/v2\/media?parent=808"}],"wp:term":[{"taxonomy":"product_cat","embeddable":true,"href":"https:\/\/brazilianswood.com\/ar\/wp-json\/wp\/v2\/product_cat?post=808"},{"taxonomy":"product_tag","embeddable":true,"href":"https:\/\/brazilianswood.com\/ar\/wp-json\/wp\/v2\/product_tag?post=808"}],"curies":[{"name":"wp","href":"https:\/\/api.w.org\/{rel}","templated":true}]}}