{"id":817,"date":"2024-01-31T15:22:37","date_gmt":"2024-01-31T18:22:37","guid":{"rendered":"https:\/\/brazilianswood.com\/?post_type=product&#038;p=817"},"modified":"2024-01-31T15:24:33","modified_gmt":"2024-01-31T18:24:33","slug":"porta-pao-caixa","status":"publish","type":"product","link":"https:\/\/brazilianswood.com\/ar\/product\/porta-pao-caixa\/","title":{"rendered":"Porta P\u00e3o &#8211; Caixa"},"content":{"rendered":"<p>A escolha de um porta-p\u00e3o tem sua raz\u00e3o, afinal, h\u00e1 algo melhor do que desfrutar de um delicioso p\u00e3o quentinho no caf\u00e9 da manh\u00e3? Este porta-p\u00e3o oferece a solu\u00e7\u00e3o ideal para armazenar seus p\u00e3es de maneira mais higi\u00eanica e pr\u00e1tica. Fabricado em teca, que possui propriedades naturais de elimina\u00e7\u00e3o de bact\u00e9rias, este porta-p\u00e3o proporciona maior seguran\u00e7a alimentar. Aproveite a praticidade com estilo!<\/p>","protected":false},"excerpt":{"rendered":"<p>A escolha de um porta-p\u00e3o tem sua raz\u00e3o, afinal, h\u00e1 algo melhor do que desfrutar de um delicioso p\u00e3o quentinho no caf\u00e9 da manh\u00e3? Este porta-p\u00e3o oferece a solu\u00e7\u00e3o ideal para armazenar seus p\u00e3es de maneira mais higi\u00eanica e pr\u00e1tica.<\/p>","protected":false},"featured_media":818,"comment_status":"open","ping_status":"closed","template":"","meta":[],"product_cat":[31],"product_tag":[],"class_list":{"0":"post-817","1":"product","2":"type-product","3":"status-publish","4":"has-post-thumbnail","6":"product_cat-porta-pao","8":"first","9":"instock","10":"shipping-taxable","11":"purchasable","12":"product-type-simple"},"_links":{"self":[{"href":"https:\/\/brazilianswood.com\/ar\/wp-json\/wp\/v2\/product\/817","targetHints":{"allow":["GET"]}}],"collection":[{"href":"https:\/\/brazilianswood.com\/ar\/wp-json\/wp\/v2\/product"}],"about":[{"href":"https:\/\/brazilianswood.com\/ar\/wp-json\/wp\/v2\/types\/product"}],"replies":[{"embeddable":true,"href":"https:\/\/brazilianswood.com\/ar\/wp-json\/wp\/v2\/comments?post=817"}],"wp:featuredmedia":[{"embeddable":true,"href":"https:\/\/brazilianswood.com\/ar\/wp-json\/wp\/v2\/media\/818"}],"wp:attachment":[{"href":"https:\/\/brazilianswood.com\/ar\/wp-json\/wp\/v2\/media?parent=817"}],"wp:term":[{"taxonomy":"product_cat","embeddable":true,"href":"https:\/\/brazilianswood.com\/ar\/wp-json\/wp\/v2\/product_cat?post=817"},{"taxonomy":"product_tag","embeddable":true,"href":"https:\/\/brazilianswood.com\/ar\/wp-json\/wp\/v2\/product_tag?post=817"}],"curies":[{"name":"wp","href":"https:\/\/api.w.org\/{rel}","templated":true}]}}