{"id":825,"date":"2024-01-31T15:31:44","date_gmt":"2024-01-31T18:31:44","guid":{"rendered":"https:\/\/brazilianswood.com\/?post_type=product&#038;p=825"},"modified":"2025-12-07T02:24:06","modified_gmt":"2025-12-07T05:24:06","slug":"bandeja-cup-c-borda","status":"publish","type":"product","link":"https:\/\/brazilianswood.com\/ar\/product\/bandeja-cup-c-borda\/","title":{"rendered":"Bandeja Cup &#8211; C\/ Borda"},"content":{"rendered":"<p>A bandeja de madeira teca \u00e9 uma adi\u00e7\u00e3o vers\u00e1til, funcional e elegante que se encaixa perfeitamente em v\u00e1rios ambientes da casa. Seja para servir alimentos e bebidas ou simplesmente decorar sua mesa de centro, aparador ou penteadeira, esta bandeja \u00e9 uma escolha multifuncional.<\/p>\n<p>A madeira de teca, conhecida por sua resist\u00eancia e durabilidade excepcionais, assegura que esta bandeja n\u00e3o apenas seja uma pe\u00e7a bonita, mas tamb\u00e9m permane\u00e7a \u00fatil ao longo dos anos. Uma combina\u00e7\u00e3o de praticidade e est\u00e9tica para complementar sua casa com charme duradouro.<\/p>","protected":false},"excerpt":{"rendered":"<p>A bandeja de madeira teca \u00e9 uma adi\u00e7\u00e3o vers\u00e1til, funcional e elegante que se encaixa perfeitamente em v\u00e1rios ambientes da casa. Seja para servir alimentos e bebidas ou simplesmente decorar sua mesa de centro, aparador ou penteadeira, esta bandeja \u00e9 uma escolha multifuncional.<\/p>","protected":false},"featured_media":828,"comment_status":"open","ping_status":"closed","template":"","meta":[],"product_cat":[39],"product_tag":[],"class_list":{"0":"post-825","1":"product","2":"type-product","3":"status-publish","4":"has-post-thumbnail","6":"product_cat-bandeja","8":"first","9":"instock","10":"shipping-taxable","11":"purchasable","12":"product-type-simple"},"_links":{"self":[{"href":"https:\/\/brazilianswood.com\/ar\/wp-json\/wp\/v2\/product\/825","targetHints":{"allow":["GET"]}}],"collection":[{"href":"https:\/\/brazilianswood.com\/ar\/wp-json\/wp\/v2\/product"}],"about":[{"href":"https:\/\/brazilianswood.com\/ar\/wp-json\/wp\/v2\/types\/product"}],"replies":[{"embeddable":true,"href":"https:\/\/brazilianswood.com\/ar\/wp-json\/wp\/v2\/comments?post=825"}],"wp:featuredmedia":[{"embeddable":true,"href":"https:\/\/brazilianswood.com\/ar\/wp-json\/wp\/v2\/media\/828"}],"wp:attachment":[{"href":"https:\/\/brazilianswood.com\/ar\/wp-json\/wp\/v2\/media?parent=825"}],"wp:term":[{"taxonomy":"product_cat","embeddable":true,"href":"https:\/\/brazilianswood.com\/ar\/wp-json\/wp\/v2\/product_cat?post=825"},{"taxonomy":"product_tag","embeddable":true,"href":"https:\/\/brazilianswood.com\/ar\/wp-json\/wp\/v2\/product_tag?post=825"}],"curies":[{"name":"wp","href":"https:\/\/api.w.org\/{rel}","templated":true}]}}