{"id":833,"date":"2024-01-31T15:44:02","date_gmt":"2024-01-31T18:44:02","guid":{"rendered":"https:\/\/brazilianswood.com\/?post_type=product&#038;p=833"},"modified":"2025-12-07T02:37:03","modified_gmt":"2025-12-07T05:37:03","slug":"porta-cha-c-tampa","status":"publish","type":"product","link":"https:\/\/brazilianswood.com\/ar\/product\/porta-cha-c-tampa\/","title":{"rendered":"Porta Ch\u00e1 &#8211; C\/ Tampa"},"content":{"rendered":"<p>Vers\u00e1til em suas possibilidades, nossa caixa \u00e9 ideal para armazenar ingredientes, ch\u00e1s e especiarias para gin, proporcionando uma experi\u00eancia sensorial \u00fanica. Al\u00e9m disso, sua funcionalidade se estende para o armazenamento organizado de materiais de artesanato, materiais escolares ou outros objetos pequenos, contribuindo para a organiza\u00e7\u00e3o eficiente dos ambientes. Seja na cozinha, no ateli\u00ea ou em outros espa\u00e7os, esta caixa adapta-se de maneira pr\u00e1tica \u00e0s suas necessidades, tornando-se um elemento vers\u00e1til para facilitar o dia a dia.<\/p>","protected":false},"excerpt":{"rendered":"<p>Vers\u00e1til em suas possibilidades, nossa caixa \u00e9 ideal para armazenar ingredientes, ch\u00e1s e especiarias para gin, proporcionando uma experi\u00eancia sensorial \u00fanica.<\/p>","protected":false},"featured_media":835,"comment_status":"open","ping_status":"closed","template":"","meta":[],"product_cat":[38,32],"product_tag":[],"class_list":{"0":"post-833","1":"product","2":"type-product","3":"status-publish","4":"has-post-thumbnail","6":"product_cat-caixa-de-ingredientes","7":"product_cat-porta-cha","9":"first","10":"instock","11":"shipping-taxable","12":"purchasable","13":"product-type-simple"},"_links":{"self":[{"href":"https:\/\/brazilianswood.com\/ar\/wp-json\/wp\/v2\/product\/833","targetHints":{"allow":["GET"]}}],"collection":[{"href":"https:\/\/brazilianswood.com\/ar\/wp-json\/wp\/v2\/product"}],"about":[{"href":"https:\/\/brazilianswood.com\/ar\/wp-json\/wp\/v2\/types\/product"}],"replies":[{"embeddable":true,"href":"https:\/\/brazilianswood.com\/ar\/wp-json\/wp\/v2\/comments?post=833"}],"wp:featuredmedia":[{"embeddable":true,"href":"https:\/\/brazilianswood.com\/ar\/wp-json\/wp\/v2\/media\/835"}],"wp:attachment":[{"href":"https:\/\/brazilianswood.com\/ar\/wp-json\/wp\/v2\/media?parent=833"}],"wp:term":[{"taxonomy":"product_cat","embeddable":true,"href":"https:\/\/brazilianswood.com\/ar\/wp-json\/wp\/v2\/product_cat?post=833"},{"taxonomy":"product_tag","embeddable":true,"href":"https:\/\/brazilianswood.com\/ar\/wp-json\/wp\/v2\/product_tag?post=833"}],"curies":[{"name":"wp","href":"https:\/\/api.w.org\/{rel}","templated":true}]}}